{"id":5288,"date":"2021-08-25T09:00:10","date_gmt":"2021-08-25T09:00:10","guid":{"rendered":"http:\/\/dummy.xtemos.com\/woodmart2\/?page_id=5288"},"modified":"2024-11-04T06:45:54","modified_gmt":"2024-11-04T06:45:54","slug":"iletisim","status":"publish","type":"page","link":"https:\/\/mkyatirim.com\/index.php\/iletisim\/","title":{"rendered":"\u0130leti\u015fim"},"content":{"rendered":"<div class=\"wpb-content-wrapper\"><p>[vc_row css=&#8221;.vc_custom_1484587700785{margin-bottom: 0px !important;}&#8221;][vc_column width=&#8221;1\/2&#8243; css=&#8221;.vc_custom_1730702750025{margin-top: 30px !important;margin-bottom: 30px !important;padding-top: 0px !important;}&#8221; offset=&#8221;vc_col-lg-4 vc_col-md-4&#8243; woodmart_css_id=&#8221;67286d9963889&#8243; parallax_scroll=&#8221;no&#8221; woodmart_sticky_column=&#8221;false&#8221; wd_collapsible_content_switcher=&#8221;no&#8221; wd_column_role_offcanvas_desktop=&#8221;no&#8221; wd_column_role_offcanvas_tablet=&#8221;no&#8221; wd_column_role_offcanvas_mobile=&#8221;no&#8221; wd_column_role_content_desktop=&#8221;no&#8221; wd_column_role_content_tablet=&#8221;no&#8221; wd_column_role_content_mobile=&#8221;no&#8221; mobile_bg_img_hidden=&#8221;no&#8221; tablet_bg_img_hidden=&#8221;no&#8221; woodmart_parallax=&#8221;0&#8243; woodmart_box_shadow=&#8221;no&#8221; responsive_spacing=&#8221;eyJwYXJhbV90eXBlIjoid29vZG1hcnRfcmVzcG9uc2l2ZV9zcGFjaW5nIiwic2VsZWN0b3JfaWQiOiI2NzI4NmQ5OTYzODg5Iiwic2hvcnRjb2RlIjoidmNfY29sdW1uIiwiZGF0YSI6eyJ0YWJsZXQiOnt9LCJtb2JpbGUiOnt9fX0=&#8221; mobile_reset_margin=&#8221;no&#8221; tablet_reset_margin=&#8221;no&#8221; wd_z_index=&#8221;no&#8221;]\t\t\t<link rel=\"stylesheet\" id=\"wd-section-title-css\" href=\"https:\/\/mkyatirim.com\/wp-content\/themes\/woodmart\/css\/parts\/el-section-title.min.css?ver=7.4.3\" type=\"text\/css\" media=\"all\" \/> \t\t\t\t\t\t<link rel=\"stylesheet\" id=\"wd-mod-highlighted-text-css\" href=\"https:\/\/mkyatirim.com\/wp-content\/themes\/woodmart\/css\/parts\/mod-highlighted-text.min.css?ver=7.4.3\" type=\"text\/css\" media=\"all\" \/> \t\t\t\n\t\t<div id=\"wd-67286d2ab83a8\" class=\"title-wrapper wd-wpb set-mb-s reset-last-child  wd-rs-67286d2ab83a8 wd-title-color-default wd-title-style-default text-left vc_custom_1730702638123 wd-underline-colored\">\n\t\t\t\n\t\t\t<div class=\"liner-continer\">\n\t\t\t\t<h4 class=\"woodmart-title-container title  wd-font-weight- wd-fontsize-l\" >\u0130leti\u015fim Bilgilerimiz:<\/h4>\n\t\t\t\t\t\t\t<\/div>\n\t\t\t\n\t\t\t\n\t\t\t\n\t\t<\/div>\n\t\t\n\t\t[vc_row_inner][vc_column_inner]\t\t\t<link rel=\"stylesheet\" id=\"wd-text-block-css\" href=\"https:\/\/mkyatirim.com\/wp-content\/themes\/woodmart\/css\/parts\/el-text-block.min.css?ver=7.4.3\" type=\"text\/css\" media=\"all\" \/> \t\t\t\t\t<div id=\"wd-67286d8684ffc\" class=\"wd-text-block wd-wpb reset-last-child wd-rs-67286d8684ffc text-left \">\n\t\t\t<p><span style=\"color: #333333;\"><strong>Email:<\/strong><\/span>\u00a0 info@mkyatirim.com<br \/>\n<span style=\"color: #333333;\"><strong>Telefon:<\/strong><\/span>\u00a0 \u00a00554 613 96 89<br \/>\n<span style=\"color: #333333;\"><strong>Adres:<\/strong><\/span> Esenevler, 320. Sk. NO:14, 55200 Atakum\/Samsun<\/p>\n\t\t<\/div>\n\t\t\t\t<div id=\"wd-67286c2570f22\" class=\"wd-text-block wd-wpb reset-last-child wd-rs-67286c2570f22 text-left vc_custom_1730702379227\">\n\t\t\t<p>Size en h\u0131zl\u0131 ve do\u011fru \u015fekilde destek sa\u011flamak i\u00e7in buraday\u0131z. Gayrimenkul yat\u0131r\u0131mlar\u0131, sat\u0131\u015f ve kiralama hizmetlerimiz hakk\u0131nda bilgi almak veya dan\u0131\u015fmanl\u0131k hizmeti i\u00e7in bizimle ileti\u015fime ge\u00e7ebilirsiniz. Mk Yat\u0131r\u0131m Pazarlama olarak, her sorunuza yan\u0131t vermekten mutluluk duyar\u0131z!<\/p>\n\t\t<\/div>\n\t\t[\/vc_column_inner][\/vc_row_inner][\/vc_column][vc_column width=&#8221;1\/2&#8243; offset=&#8221;vc_col-lg-8 vc_col-md-8&#8243; css=&#8221;.vc_custom_1525772275884{margin-bottom: 30px !important;padding-top: 0px !important;}&#8221;][vc_gmaps link=&#8221;#E-8_JTNDaWZyYW1lJTIwc3JjJTNEJTIyaHR0cHMlM0ElMkYlMkZ3d3cuZ29vZ2xlLmNvbSUyRm1hcHMlMkZlbWJlZCUzRnBiJTNEJTIxMW0xOCUyMTFtMTIlMjExbTMlMjExZDQ3OTMyLjI1NzYxMzI4Njk1JTIxMmQzNi4yMjg4MzI1Mjg2MjM4MyUyMTNkNDEuMzM1Njk5MjU0MTc3MjMlMjEybTMlMjExZjAlMjEyZjAlMjEzZjAlMjEzbTIlMjExaTEwMjQlMjEyaTc2OCUyMTRmMTMuMSUyMTNtMyUyMTFtMiUyMTFzMHg0MDg4NzlkMjQ1ZWZmMTQxJTI1M0EweDVjNWQ1ZTFlZmQwODU5NGQlMjEyc01LJTI1MjBZQVRJUklNJTI1MjAlMjUyNiUyNTIwREZCJTI1MjBIVUtVSyUyNTIwREFOSSUyNUM1JTI1OUVNQU5MSUslMjE1ZTAlMjEzbTIlMjExc3RyJTIxMnN0ciUyMTR2MTczMDcwMjIwMDA4NCUyMTVtMiUyMTFzdHIlMjEyc3RyJTIyJTIwd2lkdGglM0QlMjI2MDAlMjIlMjBoZWlnaHQlM0QlMjI0NTAlMjIlMjBzdHlsZSUzRCUyMmJvcmRlciUzQTAlM0IlMjIlMjBhbGxvd2Z1bGxzY3JlZW4lM0QlMjIlMjIlMjBsb2FkaW5nJTNEJTIybGF6eSUyMiUyMHJlZmVycmVycG9saWN5JTNEJTIybm8tcmVmZXJyZXItd2hlbi1kb3duZ3JhZGUlMjIlM0UlM0MlMkZpZnJhbWUlM0U=&#8221; css=&#8221;&#8221;][\/vc_column][\/vc_row]<\/p>\n<\/div>","protected":false},"excerpt":{"rendered":"<p>[vc_row css=&#8221;.vc_custom_1484587700785{margin-bottom: 0px !important;}&#8221;][vc_column width=&#8221;1\/2&#8243; css=&#8221;.vc_custom_1730702750025{margin-top: 30px !important;margin-bottom: 30px !important;padding-top: 0px !important;}&#8221; offset=&#8221;vc_col-lg-4 vc_col-md-4&#8243; woodmart_css_id=&#8221;67286d9963889&#8243; parallax_scroll=&#8221;no&#8221; woodmart_sticky_column=&#8221;false&#8221; wd_collapsible_content_switcher=&#8221;no&#8221; wd_column_role_offcanvas_desktop=&#8221;no&#8221; wd_column_role_offcanvas_tablet=&#8221;no&#8221;<\/p>\n","protected":false},"author":1,"featured_media":0,"parent":0,"menu_order":0,"comment_status":"closed","ping_status":"closed","template":"","meta":{"footnotes":""},"class_list":["post-5288","page","type-page","status-publish","hentry"],"_links":{"self":[{"href":"https:\/\/mkyatirim.com\/index.php\/wp-json\/wp\/v2\/pages\/5288","targetHints":{"allow":["GET"]}}],"collection":[{"href":"https:\/\/mkyatirim.com\/index.php\/wp-json\/wp\/v2\/pages"}],"about":[{"href":"https:\/\/mkyatirim.com\/index.php\/wp-json\/wp\/v2\/types\/page"}],"author":[{"embeddable":true,"href":"https:\/\/mkyatirim.com\/index.php\/wp-json\/wp\/v2\/users\/1"}],"replies":[{"embeddable":true,"href":"https:\/\/mkyatirim.com\/index.php\/wp-json\/wp\/v2\/comments?post=5288"}],"version-history":[{"count":12,"href":"https:\/\/mkyatirim.com\/index.php\/wp-json\/wp\/v2\/pages\/5288\/revisions"}],"predecessor-version":[{"id":9485,"href":"https:\/\/mkyatirim.com\/index.php\/wp-json\/wp\/v2\/pages\/5288\/revisions\/9485"}],"wp:attachment":[{"href":"https:\/\/mkyatirim.com\/index.php\/wp-json\/wp\/v2\/media?parent=5288"}],"curies":[{"name":"wp","href":"https:\/\/api.w.org\/{rel}","templated":true}]}}