{"id":5212,"date":"2021-08-25T07:26:28","date_gmt":"2021-08-25T07:26:28","guid":{"rendered":"http:\/\/dummy.xtemos.com\/woodmart2\/?page_id=5212"},"modified":"2024-11-14T16:09:07","modified_gmt":"2024-11-14T16:09:07","slug":"hakkimizda","status":"publish","type":"page","link":"https:\/\/mkyatirim.com\/index.php\/hakkimizda\/","title":{"rendered":"Hakk\u0131m\u0131zda"},"content":{"rendered":"<div class=\"wpb-content-wrapper\"><p>[vc_row equal_height=&#8221;yes&#8221; mobile_bg_img_hidden=&#8221;no&#8221; tablet_bg_img_hidden=&#8221;no&#8221; woodmart_parallax=&#8221;0&#8243; woodmart_gradient_switch=&#8221;no&#8221; row_reverse_mobile=&#8221;0&#8243; row_reverse_tablet=&#8221;0&#8243; woodmart_disable_overflow=&#8221;0&#8243; css=&#8221;.vc_custom_1679586873850{margin-bottom: 100px !important;}&#8221; woodmart_css_id=&#8221;641c7635a3650&#8243; responsive_spacing=&#8221;eyJwYXJhbV90eXBlIjoid29vZG1hcnRfcmVzcG9uc2l2ZV9zcGFjaW5nIiwic2VsZWN0b3JfaWQiOiI2NDFjNzYzNWEzNjUwIiwic2hvcnRjb2RlIjoidmNfcm93IiwiZGF0YSI6eyJ0YWJsZXQiOnsibWFyZ2luLWJvdHRvbSI6IjYwcHgifSwibW9iaWxlIjp7Im1hcmdpbi1ib3R0b20iOiI0MHB4In19fQ==&#8221; woodmart_box_shadow=&#8221;no&#8221; wd_z_index=&#8221;no&#8221;][vc_column width=&#8221;1\/2&#8243; offset=&#8221;vc_col-lg-4 vc_col-md-4&#8243; mobile_bg_img_hidden=&#8221;no&#8221; tablet_bg_img_hidden=&#8221;no&#8221; woodmart_parallax=&#8221;0&#8243; woodmart_sticky_column=&#8221;false&#8221; parallax_scroll=&#8221;no&#8221; mobile_reset_margin=&#8221;no&#8221; tablet_reset_margin=&#8221;no&#8221; css=&#8221;.vc_custom_1678105341712{padding-top: 0px !important;}&#8221; woodmart_css_id=&#8221;6405daf6b006e&#8221; wd_collapsible_content_switcher=&#8221;no&#8221; wd_column_role_offcanvas_desktop=&#8221;no&#8221; wd_column_role_offcanvas_tablet=&#8221;no&#8221; wd_column_role_offcanvas_mobile=&#8221;no&#8221; wd_column_role_content_desktop=&#8221;no&#8221; wd_column_role_content_tablet=&#8221;no&#8221; wd_column_role_content_mobile=&#8221;no&#8221; woodmart_box_shadow=&#8221;no&#8221; responsive_spacing=&#8221;eyJwYXJhbV90eXBlIjoid29vZG1hcnRfcmVzcG9uc2l2ZV9zcGFjaW5nIiwic2VsZWN0b3JfaWQiOiI2NDA1ZGFmNmIwMDZlIiwic2hvcnRjb2RlIjoidmNfY29sdW1uIiwiZGF0YSI6eyJ0YWJsZXQiOnsibWFyZ2luLWJvdHRvbSI6IjQwIn0sIm1vYmlsZSI6eyJtYXJnaW4tYm90dG9tIjoiMzAifX19&#8243; wd_z_index=&#8221;no&#8221;]\t\t<div id=\"wd-6725ef83b77ba\" class=\"wd-image wd-wpb wd-rs-6725ef83b77ba text-left vc_custom_1730539406650\">\n\t\t\t\n\t\t\t<img loading=\"lazy\" decoding=\"async\" width=\"760\" height=\"800\" src=\"https:\/\/mkyatirim.com\/wp-content\/uploads\/2023\/03\/w-architecture-portfollio-3-opt.jpg\" class=\"attachment-full size-full\" alt=\"\" srcset=\"https:\/\/mkyatirim.com\/wp-content\/uploads\/2023\/03\/w-architecture-portfollio-3-opt.jpg 760w, https:\/\/mkyatirim.com\/wp-content\/uploads\/2023\/03\/w-architecture-portfollio-3-opt-430x453.jpg 430w, https:\/\/mkyatirim.com\/wp-content\/uploads\/2023\/03\/w-architecture-portfollio-3-opt-150x158.jpg 150w, https:\/\/mkyatirim.com\/wp-content\/uploads\/2023\/03\/w-architecture-portfollio-3-opt-700x737.jpg 700w\" sizes=\"auto, (max-width: 760px) 100vw, 760px\" \/>\n\t\t\t\t\t<\/div>\n\t\t[\/vc_column][vc_column offset=&#8221;vc_col-lg-7 vc_col-md-7 vc_col-xs-12&#8243; mobile_bg_img_hidden=&#8221;no&#8221; tablet_bg_img_hidden=&#8221;no&#8221; woodmart_parallax=&#8221;0&#8243; woodmart_sticky_column=&#8221;false&#8221; parallax_scroll=&#8221;no&#8221; mobile_reset_margin=&#8221;no&#8221; tablet_reset_margin=&#8221;no&#8221; css=&#8221;.vc_custom_1731600304639{margin-top: 50px !important;margin-left: 10% !important;border-left-width: 1px !important;padding-top: 0px !important;padding-left: 10% !important;border-left-style: solid !important;border-color: rgba(0,0,0,0.11) !important;}&#8221; woodmart_css_id=&#8221;67361fa288b12&#8243; wd_collapsible_content_switcher=&#8221;no&#8221; wd_column_role_offcanvas_desktop=&#8221;no&#8221; wd_column_role_offcanvas_tablet=&#8221;no&#8221; wd_column_role_offcanvas_mobile=&#8221;no&#8221; wd_column_role_content_desktop=&#8221;no&#8221; wd_column_role_content_tablet=&#8221;no&#8221; wd_column_role_content_mobile=&#8221;no&#8221; woodmart_box_shadow=&#8221;no&#8221; responsive_spacing=&#8221;eyJwYXJhbV90eXBlIjoid29vZG1hcnRfcmVzcG9uc2l2ZV9zcGFjaW5nIiwic2VsZWN0b3JfaWQiOiI2NzM2MWZhMjg4YjEyIiwic2hvcnRjb2RlIjoidmNfY29sdW1uIiwiZGF0YSI6eyJ0YWJsZXQiOnsibWFyZ2luLWxlZnQiOiIwcHgiLCJib3JkZXItbGVmdC13aWR0aCI6IjBweCIsInBhZGRpbmctbGVmdCI6IjE1cHgifSwibW9iaWxlIjp7fX19&#8243; wd_z_index=&#8221;no&#8221;]\t\t\t<link rel=\"stylesheet\" id=\"wd-section-title-css\" href=\"https:\/\/mkyatirim.com\/wp-content\/themes\/woodmart\/css\/parts\/el-section-title.min.css?ver=7.4.3\" type=\"text\/css\" media=\"all\" \/> \t\t\t\t\t\t<link rel=\"stylesheet\" id=\"wd-mod-highlighted-text-css\" href=\"https:\/\/mkyatirim.com\/wp-content\/themes\/woodmart\/css\/parts\/mod-highlighted-text.min.css?ver=7.4.3\" type=\"text\/css\" media=\"all\" \/> \t\t\t\n\t\t<div id=\"wd-6725ec7f8a0e6\" class=\"title-wrapper wd-wpb set-mb-s reset-last-child  wd-rs-6725ec7f8a0e6 wd-title-color-primary wd-title-style-default text-left  wd-underline-colored\">\n\t\t\t\t\t\t\t<div class=\"title-subtitle  subtitle-color-primary font-default subtitle-style-default wd-font-weight-700 wd-fontsize-xs\">Hakk\u0131m\u0131zda<\/div>\n\t\t\t\n\t\t\t<div class=\"liner-continer\">\n\t\t\t\t<h4 class=\"woodmart-title-container title  wd-font-weight- wd-fontsize-l\" >Biz Kimiz?<\/h4>\n\t\t\t\t\t\t\t<\/div>\n\t\t\t\n\t\t\t\n\t\t\t\n\t\t<\/div>\n\t\t\n\t\t\t\t\t<link rel=\"stylesheet\" id=\"wd-text-block-css\" href=\"https:\/\/mkyatirim.com\/wp-content\/themes\/woodmart\/css\/parts\/el-text-block.min.css?ver=7.4.3\" type=\"text\/css\" media=\"all\" \/> \t\t\t\t\t<div id=\"wd-67361f5624b59\" class=\"wd-text-block wd-wpb reset-last-child wd-rs-67361f5624b59 text-left \">\n\t\t\t<p>2011 y\u0131l\u0131nda Samsun\u2019da kurulan Mk Yat\u0131r\u0131m Pazarlama, emlak, yat\u0131r\u0131m ve in\u015faat malzemeleri sekt\u00f6rlerinde g\u00fcvenilir ve yenilik\u00e7i \u00e7\u00f6z\u00fcmler sunmay\u0131 misyon edinmi\u015ftir. \u00d6m\u00fcrevleri, Esenevler ve Havza\u2019daki ofislerimiz ile Samsun ba\u015fta olmak \u00fczere t\u00fcm T\u00fcrkiye genelinde hizmet veriyoruz. B\u00f6lgeye \u00f6zg\u00fc pazar dinamiklerini g\u00f6z \u00f6n\u00fcnde bulundurarak, m\u00fc\u015fteri memnuniyeti odakl\u0131 hizmet anlay\u0131\u015f\u0131m\u0131z ile kaliteli ve g\u00fcvenilir bir hizmet sunmay\u0131 ama\u00e7l\u0131yoruz. Her projede sekt\u00f6rdeki tecr\u00fcbemizi, yenilik\u00e7i bak\u0131\u015f a\u00e7\u0131m\u0131zla birle\u015ftirerek s\u00fcrd\u00fcr\u00fclebilir \u00e7\u00f6z\u00fcmler \u00fcretiyoruz.<\/p>\n\t\t<\/div>\n\t\t[\/vc_column][\/vc_row][vc_row][vc_column][vc_column_text css=&#8221;.vc_custom_1731600278044{margin-top: -50px !important;}&#8221; woodmart_inline=&#8221;no&#8221; text_larger=&#8221;no&#8221;]Emlak ve yat\u0131r\u0131m sekt\u00f6r\u00fcnde g\u00fc\u00e7l\u00fc bir altyap\u0131ya sahip olan Mk Yat\u0131r\u0131m Pazarlama, bireysel ve kurumsal m\u00fc\u015fterilerimizin gayrimenkul ihtiya\u00e7lar\u0131na y\u00f6nelik kapsaml\u0131 bir hizmet sunmaktad\u0131r. Gayrimenkul dan\u0131\u015fmanl\u0131\u011f\u0131ndan yat\u0131r\u0131m y\u00f6netimine kadar geni\u015f bir yelpazede profesyonel \u00e7\u00f6z\u00fcmler \u00fcretiyor, m\u00fc\u015fterilerimize do\u011fru ve kazan\u00e7l\u0131 yat\u0131r\u0131m se\u00e7enekleri sunuyoruz. \u0130n\u015faat malzemeleri alan\u0131nda da geni\u015f \u00fcr\u00fcn yelpazemizle projelere de\u011fer kat\u0131yor ve kalite standartlar\u0131n\u0131 \u00f6n planda tutuyoruz.<\/p>\n<p>Mk Yat\u0131r\u0131m Pazarlama olarak, her m\u00fc\u015fterimizin ihtiya\u00e7lar\u0131n\u0131 ve beklentilerini en iyi \u015fekilde analiz edip, sekt\u00f6rdeki geli\u015fmeleri takip ederek hizmetlerimizi g\u00fcncelliyoruz. Tecr\u00fcbeli ve uzman kadromuz ile y\u00fcksek m\u00fc\u015fteri memnuniyetini s\u00fcrd\u00fcr\u00fclebilir k\u0131lmay\u0131 ama\u00e7l\u0131yor; Samsun ve T\u00fcrkiye genelinde sekt\u00f6rde fark yaratarak b\u00fcy\u00fcmeye devam ediyoruz. Gelece\u011fe y\u00f6nelik g\u00fc\u00e7l\u00fc ad\u0131mlar atan bir firma olarak, m\u00fc\u015fterilerimizin g\u00fcvenilir \u00e7\u00f6z\u00fcm orta\u011f\u0131 olmaktan gurur duyuyoruz.[\/vc_column_text][\/vc_column][\/vc_row]<\/p>\n<\/div>","protected":false},"excerpt":{"rendered":"<p>[vc_row equal_height=&#8221;yes&#8221; mobile_bg_img_hidden=&#8221;no&#8221; tablet_bg_img_hidden=&#8221;no&#8221; woodmart_parallax=&#8221;0&#8243; woodmart_gradient_switch=&#8221;no&#8221; row_reverse_mobile=&#8221;0&#8243; row_reverse_tablet=&#8221;0&#8243; woodmart_disable_overflow=&#8221;0&#8243; css=&#8221;.vc_custom_1679586873850{margin-bottom: 100px !important;}&#8221; woodmart_css_id=&#8221;641c7635a3650&#8243; responsive_spacing=&#8221;eyJwYXJhbV90eXBlIjoid29vZG1hcnRfcmVzcG9uc2l2ZV9zcGFjaW5nIiwic2VsZWN0b3JfaWQiOiI2NDFjNzYzNWEzNjUwIiwic2hvcnRjb2RlIjoidmNfcm93IiwiZGF0YSI6eyJ0YWJsZXQiOnsibWFyZ2luLWJvdHRvbSI6IjYwcHgifSwibW9iaWxlIjp7Im1hcmdpbi1ib3R0b20iOiI0MHB4In19fQ==&#8221; woodmart_box_shadow=&#8221;no&#8221; wd_z_index=&#8221;no&#8221;][vc_column width=&#8221;1\/2&#8243; offset=&#8221;vc_col-lg-4 vc_col-md-4&#8243; mobile_bg_img_hidden=&#8221;no&#8221;<\/p>\n","protected":false},"author":1,"featured_media":0,"parent":0,"menu_order":0,"comment_status":"closed","ping_status":"closed","template":"","meta":{"footnotes":""},"class_list":["post-5212","page","type-page","status-publish","hentry"],"_links":{"self":[{"href":"https:\/\/mkyatirim.com\/index.php\/wp-json\/wp\/v2\/pages\/5212","targetHints":{"allow":["GET"]}}],"collection":[{"href":"https:\/\/mkyatirim.com\/index.php\/wp-json\/wp\/v2\/pages"}],"about":[{"href":"https:\/\/mkyatirim.com\/index.php\/wp-json\/wp\/v2\/types\/page"}],"author":[{"embeddable":true,"href":"https:\/\/mkyatirim.com\/index.php\/wp-json\/wp\/v2\/users\/1"}],"replies":[{"embeddable":true,"href":"https:\/\/mkyatirim.com\/index.php\/wp-json\/wp\/v2\/comments?post=5212"}],"version-history":[{"count":4,"href":"https:\/\/mkyatirim.com\/index.php\/wp-json\/wp\/v2\/pages\/5212\/revisions"}],"predecessor-version":[{"id":9491,"href":"https:\/\/mkyatirim.com\/index.php\/wp-json\/wp\/v2\/pages\/5212\/revisions\/9491"}],"wp:attachment":[{"href":"https:\/\/mkyatirim.com\/index.php\/wp-json\/wp\/v2\/media?parent=5212"}],"curies":[{"name":"wp","href":"https:\/\/api.w.org\/{rel}","templated":true}]}}